{"id":106,"date":"2023-09-13T17:39:03","date_gmt":"2023-09-13T15:39:03","guid":{"rendered":"https:\/\/elkraftentreprenorerna.se\/?page_id=106"},"modified":"2025-09-30T13:37:56","modified_gmt":"2025-09-30T11:37:56","slug":"goda-naringsvillkor-och-branschutveckling","status":"publish","type":"page","link":"https:\/\/elkraftentreprenorerna.se\/index.php\/goda-naringsvillkor-och-branschutveckling\/","title":{"rendered":"Branschutveckling"},"content":{"rendered":"<h1 style=\"\">Goda n\u00e4ringsvillkor och branschutveckling<\/h1>\n<p>Sveriges Elkraftentrepren\u00f6rer bedriver p\u00e5verkansarbete f\u00f6r att utveckla branschen och fr\u00e4mja n\u00e4ringsvillkoren.<\/p>\n<h3>Vi verkar f\u00f6r<\/h3>\n<ul>\n<li>Att \u00f6ka branschen effektivitet och innovationskraft f\u00f6r att m\u00f6ta framtidens behov<\/li>\n<li>Branschens m\u00f6jligheter att aktivt kunna bidra till energiomst\u00e4llningen<\/li>\n<li>Ett resurseffektivt och h\u00e5llbart energisystem<\/li>\n<li>Balanserade avtalsvillkor mellan branschens parter<\/li>\n<li>En eln\u00e4tsreglering som \u00e4r fram\u00e5tsyftande, l\u00e5ngsiktig, stabil och f\u00f6ruts\u00e4gbar<\/li>\n<\/ul>\n","protected":false},"excerpt":{"rendered":"<p>Goda n\u00e4ringsvillkor och branschutveckling Sveriges Elkraftentrepren\u00f6rer bedriver p\u00e5verkansarbete f\u00f6r att utveckla branschen och fr\u00e4mja n\u00e4ringsvillkoren. Vi verkar f\u00f6r Att \u00f6ka branschen effektivitet och innovationskraft f\u00f6r att m\u00f6ta framtidens behov Branschens m\u00f6jligheter att aktivt kunna bidra till energiomst\u00e4llningen Ett resurseffektivt och h\u00e5llbart energisystem Balanserade avtalsvillkor mellan branschens parter En eln\u00e4tsreglering som \u00e4r fram\u00e5tsyftande, l\u00e5ngsiktig, stabil och [&hellip;]<\/p>\n","protected":false},"author":5,"featured_media":75,"parent":0,"menu_order":0,"comment_status":"closed","ping_status":"closed","template":"","meta":{"footnotes":"","tve_updated_post":"<div class=\"thrv_wrapper thrv_text_element\">\t<h1 class=\"\" style=\"\" data-css=\"tve-u-18a939f3db0\">Goda n\u00e4ringsvillkor och branschutveckling<\/h1><p>Sveriges Elkraftentrepren\u00f6rer bedriver p\u00e5verkansarbete f\u00f6r att utveckla branschen och fr\u00e4mja n\u00e4ringsvillkoren.<\/p><h3 class=\"\">Vi verkar f\u00f6r<\/h3><ul class=\"\"><li>Att \u00f6ka branschen effektivitet och innovationskraft f\u00f6r att m\u00f6ta framtidens behov<\/li><li>Branschens m\u00f6jligheter att aktivt kunna bidra till energiomst\u00e4llningen<\/li><li>Ett resurseffektivt och h\u00e5llbart energisystem<\/li><li>Balanserade avtalsvillkor mellan branschens parter<\/li><li>En eln\u00e4tsreglering som \u00e4r fram\u00e5tsyftande, l\u00e5ngsiktig, stabil och f\u00f6ruts\u00e4gbar<\/li><\/ul><\/div><div class=\"thrv_wrapper thrv-page-section tve-height-update tcb-window-width\" style=\"\">\n\t<div class=\"tve-page-section-out\" style=\"\" data-css=\"tve-u-18a9366fcc4\"><\/div>\n\t<div class=\"tve-page-section-in tve_empty_dropzone\" data-css=\"tve-u-18a9366b8be\"><\/div>\n<\/div>","tve_custom_css":"@media (min-width: 300px){.tcb-post-list[data-css=\"tve-u-16ed4d2e581\"] .post-wrapper.thrv_wrapper { width: calc(100% + 0px); }.tcb-post-list[data-css=\"tve-u-16ed4d2e581\"] .post-wrapper.thrv_wrapper:nth-child(n+2) { margin-top: 40px !important; }.tcb-post-list[data-css=\"tve-u-16ed4d2e581\"] .post-wrapper.thrv_wrapper:not(:nth-child(n+2)) { margin-top: 0px !important; }.tcb-post-list[data-css=\"tve-u-16ed4d2e581\"] .post-wrapper.thrv_wrapper:not(:nth-child(n)) { margin-right: 30px !important; }.tcb-post-list[data-css=\"tve-u-16ed4d2e581\"] .post-wrapper.thrv_wrapper:nth-child(n) { margin-right: 0px !important; }[data-css=\"tve-u-18a9366b8be\"] { min-width: auto; max-width: 1040px; }[data-css=\"tve-u-18a9366fcc4\"] { background-image: linear-gradient(var(--tcb-skin-color-2),var(--tcb-skin-color-2)) !important; --background-image: linear-gradient(var(--tcb-skin-color-2),var(--tcb-skin-color-2)) !important; --tve-applied-background-image: linear-gradient(var$(--tcb-skin-color-2),var$(--tcb-skin-color-2)) !important; background-size: auto !important; background-position: 50% 50% !important; background-attachment: scroll !important; background-repeat: no-repeat !important; --background-size: auto auto !important; --background-position: 50% 50% !important; --background-attachment: scroll !important; --background-repeat: no-repeat !important; background-color: transparent !important; --background-color: transparent !important; --tve-applied-background-color: transparent !important; }}@media (max-width: 1023px){.tcb-post-list[data-css=\"tve-u-16ed4d2e581\"] .post-wrapper.thrv_wrapper { width: calc(100% + 0px); }.tcb-post-list[data-css=\"tve-u-16ed4d2e581\"] .post-wrapper.thrv_wrapper:nth-child(n+2) { margin-top: 40px !important; }.tcb-post-list[data-css=\"tve-u-16ed4d2e581\"] .post-wrapper.thrv_wrapper:not(:nth-child(n+2)) { margin-top: 0px !important; }.tcb-post-list[data-css=\"tve-u-16ed4d2e581\"] .post-wrapper.thrv_wrapper:not(:nth-child(n)) { margin-right: 30px !important; }.tcb-post-list[data-css=\"tve-u-16ed4d2e581\"] .post-wrapper.thrv_wrapper:nth-child(n) { margin-right: 0px !important; }[data-css=\"tve-u-18a9366b8be\"] { max-width: 688px; }:not(#tve) [data-css=\"tve-u-18a939f3db0\"] { font-size: 35px !important; }}@media (max-width: 767px){.tcb-post-list[data-css=\"tve-u-16ed4d2e581\"] .post-wrapper.thrv_wrapper { width: calc(100% + 0px); }.tcb-post-list[data-css=\"tve-u-16ed4d2e581\"] .post-wrapper.thrv_wrapper:nth-child(n+2) { margin-top: 40px !important; }.tcb-post-list[data-css=\"tve-u-16ed4d2e581\"] .post-wrapper.thrv_wrapper:not(:nth-child(n+2)) { margin-top: 0px !important; }.tcb-post-list[data-css=\"tve-u-16ed4d2e581\"] .post-wrapper.thrv_wrapper:not(:nth-child(n)) { margin-right: 0px !important; }.tcb-post-list[data-css=\"tve-u-16ed4d2e581\"] .post-wrapper.thrv_wrapper:nth-child(n) { margin-right: 0px !important; }[data-css=\"tve-u-18a9366b8be\"] { max-width: 320px; }:not(#tve) [data-css=\"tve-u-18a939f3db0\"] { font-size: 30px !important; }}","tve_user_custom_css":"","tve_globals":{"e":"1","font_cls":[]},"tcb2_ready":1,"tcb_editor_enabled":1,"tve_landing_page":"","_tve_header":"","_tve_footer":""},"class_list":["post-106","page","type-page","status-publish","has-post-thumbnail","hentry","post-wrapper","thrv_wrapper"],"_links":{"self":[{"href":"https:\/\/elkraftentreprenorerna.se\/index.php\/wp-json\/wp\/v2\/pages\/106","targetHints":{"allow":["GET"]}}],"collection":[{"href":"https:\/\/elkraftentreprenorerna.se\/index.php\/wp-json\/wp\/v2\/pages"}],"about":[{"href":"https:\/\/elkraftentreprenorerna.se\/index.php\/wp-json\/wp\/v2\/types\/page"}],"author":[{"embeddable":true,"href":"https:\/\/elkraftentreprenorerna.se\/index.php\/wp-json\/wp\/v2\/users\/5"}],"replies":[{"embeddable":true,"href":"https:\/\/elkraftentreprenorerna.se\/index.php\/wp-json\/wp\/v2\/comments?post=106"}],"version-history":[{"count":9,"href":"https:\/\/elkraftentreprenorerna.se\/index.php\/wp-json\/wp\/v2\/pages\/106\/revisions"}],"predecessor-version":[{"id":270,"href":"https:\/\/elkraftentreprenorerna.se\/index.php\/wp-json\/wp\/v2\/pages\/106\/revisions\/270"}],"wp:featuredmedia":[{"embeddable":true,"href":"https:\/\/elkraftentreprenorerna.se\/index.php\/wp-json\/wp\/v2\/media\/75"}],"wp:attachment":[{"href":"https:\/\/elkraftentreprenorerna.se\/index.php\/wp-json\/wp\/v2\/media?parent=106"}],"curies":[{"name":"wp","href":"https:\/\/api.w.org\/{rel}","templated":true}]}}